{"id":652,"date":"2026-03-25T15:36:49","date_gmt":"2026-03-25T15:36:49","guid":{"rendered":"https:\/\/www.digitaikurit.fi\/?page_id=652"},"modified":"2026-03-25T15:49:14","modified_gmt":"2026-03-25T15:49:14","slug":"johtamisen-asiantuntija","status":"publish","type":"page","link":"https:\/\/www.digitaikurit.fi\/index.php\/johtamisen-asiantuntija\/","title":{"rendered":"Johtamisen asiantuntija"},"content":{"rendered":"\n<div class=\"wp-block-group has-global-padding is-layout-constrained wp-container-core-group-is-layout-63a0b46f wp-block-group-is-layout-constrained\" style=\"margin-top:0;margin-bottom:0;padding-top:var(--wp--preset--spacing--50);padding-right:var(--wp--preset--spacing--20);padding-bottom:var(--wp--preset--spacing--50);padding-left:var(--wp--preset--spacing--20)\">\n<p><\/p>\n\n\n\n<h2 class=\"wp-block-heading has-text-align-center\" style=\"margin-top:10px;margin-bottom:80px;line-height:1.2\">Hyv\u00e4ll\u00e4 johtamisella saadaan positiivisia tuloksia aikaan <\/h2>\n\n\n\n<div class=\"wp-block-columns are-vertically-aligned-center is-layout-flex wp-container-core-columns-is-layout-9cad5244 wp-block-columns-is-layout-flex\" style=\"margin-top:0;margin-bottom:0\">\n<div class=\"wp-block-column is-vertically-aligned-center is-layout-flow wp-block-column-is-layout-flow\">\n<div class=\"wp-block-cover is-light\" style=\"border-radius:2px;min-height:500px;aspect-ratio:unset;\"><img loading=\"lazy\" decoding=\"async\" width=\"683\" height=\"1024\" class=\"wp-block-cover__image-background wp-image-479 size-large\" alt=\"\" src=\"https:\/\/www.digitaikurit.fi\/wp-content\/uploads\/2022\/07\/sanni-683x1024.jpg\" data-object-fit=\"cover\" srcset=\"https:\/\/www.digitaikurit.fi\/wp-content\/uploads\/2022\/07\/sanni-683x1024.jpg 683w, https:\/\/www.digitaikurit.fi\/wp-content\/uploads\/2022\/07\/sanni-scaled-600x900.jpg 600w, https:\/\/www.digitaikurit.fi\/wp-content\/uploads\/2022\/07\/sanni-200x300.jpg 200w, https:\/\/www.digitaikurit.fi\/wp-content\/uploads\/2022\/07\/sanni-768x1152.jpg 768w, https:\/\/www.digitaikurit.fi\/wp-content\/uploads\/2022\/07\/sanni-1024x1536.jpg 1024w, https:\/\/www.digitaikurit.fi\/wp-content\/uploads\/2022\/07\/sanni-1365x2048.jpg 1365w, https:\/\/www.digitaikurit.fi\/wp-content\/uploads\/2022\/07\/sanni-scaled.jpg 1707w\" sizes=\"auto, (max-width: 683px) 100vw, 683px\" \/><span aria-hidden=\"true\" class=\"wp-block-cover__background has-background-dim-0 has-background-dim\" style=\"background-color:#c5c5c7\"><\/span><div class=\"wp-block-cover__inner-container has-global-padding is-layout-constrained wp-block-cover-is-layout-constrained\">\n<p class=\"has-text-align-center has-large-font-size\"><\/p>\n<\/div><\/div>\n<\/div>\n\n\n\n<div class=\"wp-block-column is-vertically-aligned-center is-layout-flow wp-block-column-is-layout-flow\">\n<p style=\"margin-bottom:var(--wp--preset--spacing--30)\">Johtaminen ei ole vain asioiden ohjaamista\u202f\u2013\u202fse on ihmisten sytytt\u00e4mist\u00e4.<br>Kun johtaja onnistuu, organisaatio ei ainoastaan saavuta tavoitteitaan, vaan ylitt\u00e4\u00e4 ne kerta toisensa j\u00e4lkeen. Hyv\u00e4 johtaminen synnytt\u00e4\u00e4 suuntaa, rakentaa luottamusta ja vapauttaa jokaisen tiimil\u00e4isen potentiaalin kukoistamaan.<\/p>\n\n\n\n<p style=\"margin-bottom:var(--wp--preset--spacing--30)\">Menestyv\u00e4 johtaja ei k\u00e4ske, vaan innostaa. H\u00e4n luo kulttuurin, jossa intohimo ja vastuu kulkevat k\u00e4si k\u00e4dess\u00e4, ja jossa virheet n\u00e4hd\u00e4\u00e4n oppimisen paikkoina, ei estein\u00e4. T\u00e4llaisessa ymp\u00e4rist\u00f6ss\u00e4 syntyv\u00e4t parhaat ideat, rohkeimmat p\u00e4\u00e4t\u00f6kset ja kest\u00e4vin menestys<\/p>\n\n\n\n<div class=\"wp-block-group is-nowrap is-layout-flex wp-container-core-group-is-layout-0844f5dc wp-block-group-is-layout-flex\">\n<div class=\"wp-block-group is-vertical is-layout-flex wp-container-core-group-is-layout-30a70405 wp-block-group-is-layout-flex\">\n<p class=\"has-mdm-large-font-size\" style=\"font-style:normal;font-weight:700\">Visio<\/p>\n\n\n\n<p style=\"margin-top:0;margin-bottom:0;padding-top:0;padding-bottom:0\">Rakennamme ty\u00f6yhteis\u00f6\u00e4, jossa ihmiset voivat onnistua yhdess\u00e4, kehitty\u00e4 jatkuvasti ja tehd\u00e4 merkityksellist\u00e4 ty\u00f6t\u00e4 avoimessa, luottamukseen perustuvassa ilmapiiriss\u00e4. Johdamme esimerkill\u00e4, kuuntelemme aktiivisesti ja teemme p\u00e4\u00e4t\u00f6ksi\u00e4, jotka tukevat sek\u00e4 ihmisten hyvinvointia ett\u00e4 kest\u00e4v\u00e4\u00e4 menestyst\u00e4.<\/p>\n<\/div>\n<\/div>\n\n\n\n<div class=\"wp-block-group is-nowrap is-layout-flex wp-container-core-group-is-layout-0844f5dc wp-block-group-is-layout-flex\">\n<div class=\"wp-block-group is-vertical is-layout-flex wp-container-core-group-is-layout-30a70405 wp-block-group-is-layout-flex\">\n<p class=\"has-mdm-large-font-size\" style=\"font-style:normal;font-weight:700\">Missio<\/p>\n\n\n\n<p style=\"margin-top:0;margin-bottom:0;padding-top:0;padding-bottom:0\">Mahdollistamme tiimin onnistumisen luomalla selke\u00e4t tavoitteet, tukemalla yksil\u00f6iden kehittymist\u00e4 ja varmistamalla avoimen, luottamuksellisen yhteisty\u00f6n. Toimimme oikeudenmukaisesti, kuuntelemme aktiivisesti ja poistamme esteit\u00e4, jotta jokainen voi tehd\u00e4 ty\u00f6ns\u00e4 parhaalla mahdollisella tavalla.<\/p>\n<\/div>\n<\/div>\n\n\n\n<div class=\"wp-block-buttons is-layout-flex wp-block-buttons-is-layout-flex\" style=\"margin-top:var(--wp--preset--spacing--30)\"><\/div>\n<\/div>\n<\/div>\n<\/div>\n\n\n\n<div class=\"wp-block-group has-global-padding is-layout-constrained wp-container-core-group-is-layout-63a0b46f wp-block-group-is-layout-constrained\" style=\"margin-top:0;margin-bottom:0;padding-top:var(--wp--preset--spacing--50);padding-right:var(--wp--preset--spacing--20);padding-bottom:var(--wp--preset--spacing--50);padding-left:var(--wp--preset--spacing--20)\">\n<div class=\"wp-block-columns alignwide are-vertically-aligned-center is-layout-flex wp-container-core-columns-is-layout-7fc3d43a wp-block-columns-is-layout-flex\">\n<div class=\"wp-block-column is-vertically-aligned-center is-layout-flow wp-block-column-is-layout-flow\">\n<figure class=\"wp-block-image size-full has-custom-border\"><img decoding=\"async\" src=\"https:\/\/www.digitaikurit.fi\/wp-content\/themes\/digitalgrove\/assets\/images\/banner.jpg\" alt=\"\" class=\"wp-image-750\" style=\"border-radius:10px;aspect-ratio:1;object-fit:cover\"\/><\/figure>\n<\/div>\n\n\n\n<div class=\"wp-block-column is-vertically-aligned-center is-layout-flow wp-block-column-is-layout-flow\">\n<h2 class=\"wp-block-heading alignwide\" style=\"line-height:1.2\">Why We Are Best ?<\/h2>\n\n\n\n<p style=\"margin-top:var(--wp--preset--spacing--30);margin-bottom:var(--wp--preset--spacing--10)\">Dis elit vehicula gravida pellentesque nullam risus odio augue tellus. Dictum euismod posuere velit pellentesque pulvinar. Aptent arcu metus sit congue pede. Dolor elementum proin etiam aenean consectetuer. Mollis erat risus accumsan donec senectus in mauris potenti euismod diam et. Rhoncus nisl eros per sagittis dui cubilia augue.<\/p>\n\n\n\n<p style=\"margin-bottom:var(--wp--preset--spacing--30)\">Congue duis quam eu iaculis tristique mus curae elit torquent suscipit. Nullam rutrum dapibus potenti platea conubia diam id maecenas nisi suscipit accumsan.<\/p>\n\n\n\n<div class=\"wp-block-buttons is-layout-flex wp-block-buttons-is-layout-flex\" style=\"padding-right:0;padding-left:0\">\n<div class=\"wp-block-button btn-has-icon\"><a class=\"wp-block-button__link wp-element-button\" style=\"padding-right:var(--wp--preset--spacing--40);padding-left:var(--wp--preset--spacing--40)\">Meet us<\/a><\/div>\n<\/div>\n<\/div>\n<\/div>\n<\/div>\n","protected":false},"excerpt":{"rendered":"<p>Hyv\u00e4ll\u00e4 johtamisella saadaan positiivisia tuloksia aikaan Johtaminen ei ole vain asioiden ohjaamista\u202f\u2013\u202fse on ihmisten sytytt\u00e4mist\u00e4.Kun johtaja onnistuu, organisaatio ei ainoastaan saavuta tavoitteitaan, vaan ylitt\u00e4\u00e4 ne kerta toisensa j\u00e4lkeen. Hyv\u00e4 johtaminen synnytt\u00e4\u00e4 suuntaa, rakentaa luottamusta ja vapauttaa jokaisen tiimil\u00e4isen potentiaalin kukoistamaan. Menestyv\u00e4 johtaja ei k\u00e4ske, vaan innostaa. H\u00e4n luo kulttuurin, jossa intohimo ja vastuu kulkevat k\u00e4si [&hellip;]<\/p>\n","protected":false},"author":1,"featured_media":0,"parent":0,"menu_order":0,"comment_status":"closed","ping_status":"closed","template":"","meta":{"footnotes":""},"class_list":["post-652","page","type-page","status-publish","hentry"],"yoast_head":"<!-- This site is optimized with the Yoast SEO plugin v25.3.1 - https:\/\/yoast.com\/wordpress\/plugins\/seo\/ -->\n<title>Johtamisen asiantuntija - Digitaikurit<\/title>\n<meta name=\"robots\" content=\"noindex, follow, max-snippet:-1, max-image-preview:large, max-video-preview:-1\" \/>\n<meta property=\"og:locale\" content=\"fi_FI\" \/>\n<meta property=\"og:type\" content=\"article\" \/>\n<meta property=\"og:title\" content=\"Johtamisen asiantuntija - Digitaikurit\" \/>\n<meta property=\"og:description\" content=\"Hyv\u00e4ll\u00e4 johtamisella saadaan positiivisia tuloksia aikaan Johtaminen ei ole vain asioiden ohjaamista\u202f\u2013\u202fse on ihmisten sytytt\u00e4mist\u00e4.Kun johtaja onnistuu, organisaatio ei ainoastaan saavuta tavoitteitaan, vaan ylitt\u00e4\u00e4 ne kerta toisensa j\u00e4lkeen. Hyv\u00e4 johtaminen synnytt\u00e4\u00e4 suuntaa, rakentaa luottamusta ja vapauttaa jokaisen tiimil\u00e4isen potentiaalin kukoistamaan. Menestyv\u00e4 johtaja ei k\u00e4ske, vaan innostaa. H\u00e4n luo kulttuurin, jossa intohimo ja vastuu kulkevat k\u00e4si [&hellip;]\" \/>\n<meta property=\"og:url\" content=\"https:\/\/www.digitaikurit.fi\/index.php\/johtamisen-asiantuntija\/\" \/>\n<meta property=\"og:site_name\" content=\"Digitaikurit\" \/>\n<meta property=\"article:modified_time\" content=\"2026-03-25T15:49:14+00:00\" \/>\n<meta property=\"og:image\" content=\"https:\/\/www.digitaikurit.fi\/wp-content\/uploads\/2022\/07\/sanni-scaled.jpg\" \/>\n\t<meta property=\"og:image:width\" content=\"1707\" \/>\n\t<meta property=\"og:image:height\" content=\"2560\" \/>\n\t<meta property=\"og:image:type\" content=\"image\/jpeg\" \/>\n<meta name=\"twitter:card\" content=\"summary_large_image\" \/>\n<meta name=\"twitter:label1\" content=\"Arvioitu lukuaika\" \/>\n\t<meta name=\"twitter:data1\" content=\"2 minuuttia\" \/>\n<script type=\"application\/ld+json\" class=\"yoast-schema-graph\">{\"@context\":\"https:\/\/schema.org\",\"@graph\":[{\"@type\":\"WebPage\",\"@id\":\"https:\/\/www.digitaikurit.fi\/index.php\/johtamisen-asiantuntija\/\",\"url\":\"https:\/\/www.digitaikurit.fi\/index.php\/johtamisen-asiantuntija\/\",\"name\":\"Johtamisen asiantuntija - Digitaikurit\",\"isPartOf\":{\"@id\":\"https:\/\/www.digitaikurit.fi\/#website\"},\"primaryImageOfPage\":{\"@id\":\"https:\/\/www.digitaikurit.fi\/index.php\/johtamisen-asiantuntija\/#primaryimage\"},\"image\":{\"@id\":\"https:\/\/www.digitaikurit.fi\/index.php\/johtamisen-asiantuntija\/#primaryimage\"},\"thumbnailUrl\":\"https:\/\/www.digitaikurit.fi\/wp-content\/uploads\/2022\/07\/sanni-683x1024.jpg\",\"datePublished\":\"2026-03-25T15:36:49+00:00\",\"dateModified\":\"2026-03-25T15:49:14+00:00\",\"breadcrumb\":{\"@id\":\"https:\/\/www.digitaikurit.fi\/index.php\/johtamisen-asiantuntija\/#breadcrumb\"},\"inLanguage\":\"fi\",\"potentialAction\":[{\"@type\":\"ReadAction\",\"target\":[\"https:\/\/www.digitaikurit.fi\/index.php\/johtamisen-asiantuntija\/\"]}]},{\"@type\":\"ImageObject\",\"inLanguage\":\"fi\",\"@id\":\"https:\/\/www.digitaikurit.fi\/index.php\/johtamisen-asiantuntija\/#primaryimage\",\"url\":\"https:\/\/www.digitaikurit.fi\/wp-content\/uploads\/2022\/07\/sanni-scaled.jpg\",\"contentUrl\":\"https:\/\/www.digitaikurit.fi\/wp-content\/uploads\/2022\/07\/sanni-scaled.jpg\",\"width\":1707,\"height\":2560},{\"@type\":\"BreadcrumbList\",\"@id\":\"https:\/\/www.digitaikurit.fi\/index.php\/johtamisen-asiantuntija\/#breadcrumb\",\"itemListElement\":[{\"@type\":\"ListItem\",\"position\":1,\"name\":\"Etusivu\",\"item\":\"https:\/\/www.digitaikurit.fi\/\"},{\"@type\":\"ListItem\",\"position\":2,\"name\":\"Johtamisen asiantuntija\"}]},{\"@type\":\"WebSite\",\"@id\":\"https:\/\/www.digitaikurit.fi\/#website\",\"url\":\"https:\/\/www.digitaikurit.fi\/\",\"name\":\"Digitaikurit\",\"description\":\"digitaikap\u00f6ly\u00e4\",\"publisher\":{\"@id\":\"https:\/\/www.digitaikurit.fi\/#organization\"},\"potentialAction\":[{\"@type\":\"SearchAction\",\"target\":{\"@type\":\"EntryPoint\",\"urlTemplate\":\"https:\/\/www.digitaikurit.fi\/?s={search_term_string}\"},\"query-input\":{\"@type\":\"PropertyValueSpecification\",\"valueRequired\":true,\"valueName\":\"search_term_string\"}}],\"inLanguage\":\"fi\"},{\"@type\":\"Organization\",\"@id\":\"https:\/\/www.digitaikurit.fi\/#organization\",\"name\":\"Digitaikurit\",\"url\":\"https:\/\/www.digitaikurit.fi\/\",\"logo\":{\"@type\":\"ImageObject\",\"inLanguage\":\"fi\",\"@id\":\"https:\/\/www.digitaikurit.fi\/#\/schema\/logo\/image\/\",\"url\":\"https:\/\/www.digitaikurit.fi\/wp-content\/uploads\/2022\/06\/cropped-cropped-logo_digitaikuri-copy-e1655329153985.png\",\"contentUrl\":\"https:\/\/www.digitaikurit.fi\/wp-content\/uploads\/2022\/06\/cropped-cropped-logo_digitaikuri-copy-e1655329153985.png\",\"width\":53,\"height\":53,\"caption\":\"Digitaikurit\"},\"image\":{\"@id\":\"https:\/\/www.digitaikurit.fi\/#\/schema\/logo\/image\/\"}}]}<\/script>\n<!-- \/ Yoast SEO plugin. -->","yoast_head_json":{"title":"Johtamisen asiantuntija - Digitaikurit","robots":{"index":"noindex","follow":"follow","max-snippet":"max-snippet:-1","max-image-preview":"max-image-preview:large","max-video-preview":"max-video-preview:-1"},"og_locale":"fi_FI","og_type":"article","og_title":"Johtamisen asiantuntija - Digitaikurit","og_description":"Hyv\u00e4ll\u00e4 johtamisella saadaan positiivisia tuloksia aikaan Johtaminen ei ole vain asioiden ohjaamista\u202f\u2013\u202fse on ihmisten sytytt\u00e4mist\u00e4.Kun johtaja onnistuu, organisaatio ei ainoastaan saavuta tavoitteitaan, vaan ylitt\u00e4\u00e4 ne kerta toisensa j\u00e4lkeen. Hyv\u00e4 johtaminen synnytt\u00e4\u00e4 suuntaa, rakentaa luottamusta ja vapauttaa jokaisen tiimil\u00e4isen potentiaalin kukoistamaan. Menestyv\u00e4 johtaja ei k\u00e4ske, vaan innostaa. H\u00e4n luo kulttuurin, jossa intohimo ja vastuu kulkevat k\u00e4si [&hellip;]","og_url":"https:\/\/www.digitaikurit.fi\/index.php\/johtamisen-asiantuntija\/","og_site_name":"Digitaikurit","article_modified_time":"2026-03-25T15:49:14+00:00","og_image":[{"width":1707,"height":2560,"url":"https:\/\/www.digitaikurit.fi\/wp-content\/uploads\/2022\/07\/sanni-scaled.jpg","type":"image\/jpeg"}],"twitter_card":"summary_large_image","twitter_misc":{"Arvioitu lukuaika":"2 minuuttia"},"schema":{"@context":"https:\/\/schema.org","@graph":[{"@type":"WebPage","@id":"https:\/\/www.digitaikurit.fi\/index.php\/johtamisen-asiantuntija\/","url":"https:\/\/www.digitaikurit.fi\/index.php\/johtamisen-asiantuntija\/","name":"Johtamisen asiantuntija - Digitaikurit","isPartOf":{"@id":"https:\/\/www.digitaikurit.fi\/#website"},"primaryImageOfPage":{"@id":"https:\/\/www.digitaikurit.fi\/index.php\/johtamisen-asiantuntija\/#primaryimage"},"image":{"@id":"https:\/\/www.digitaikurit.fi\/index.php\/johtamisen-asiantuntija\/#primaryimage"},"thumbnailUrl":"https:\/\/www.digitaikurit.fi\/wp-content\/uploads\/2022\/07\/sanni-683x1024.jpg","datePublished":"2026-03-25T15:36:49+00:00","dateModified":"2026-03-25T15:49:14+00:00","breadcrumb":{"@id":"https:\/\/www.digitaikurit.fi\/index.php\/johtamisen-asiantuntija\/#breadcrumb"},"inLanguage":"fi","potentialAction":[{"@type":"ReadAction","target":["https:\/\/www.digitaikurit.fi\/index.php\/johtamisen-asiantuntija\/"]}]},{"@type":"ImageObject","inLanguage":"fi","@id":"https:\/\/www.digitaikurit.fi\/index.php\/johtamisen-asiantuntija\/#primaryimage","url":"https:\/\/www.digitaikurit.fi\/wp-content\/uploads\/2022\/07\/sanni-scaled.jpg","contentUrl":"https:\/\/www.digitaikurit.fi\/wp-content\/uploads\/2022\/07\/sanni-scaled.jpg","width":1707,"height":2560},{"@type":"BreadcrumbList","@id":"https:\/\/www.digitaikurit.fi\/index.php\/johtamisen-asiantuntija\/#breadcrumb","itemListElement":[{"@type":"ListItem","position":1,"name":"Etusivu","item":"https:\/\/www.digitaikurit.fi\/"},{"@type":"ListItem","position":2,"name":"Johtamisen asiantuntija"}]},{"@type":"WebSite","@id":"https:\/\/www.digitaikurit.fi\/#website","url":"https:\/\/www.digitaikurit.fi\/","name":"Digitaikurit","description":"digitaikap\u00f6ly\u00e4","publisher":{"@id":"https:\/\/www.digitaikurit.fi\/#organization"},"potentialAction":[{"@type":"SearchAction","target":{"@type":"EntryPoint","urlTemplate":"https:\/\/www.digitaikurit.fi\/?s={search_term_string}"},"query-input":{"@type":"PropertyValueSpecification","valueRequired":true,"valueName":"search_term_string"}}],"inLanguage":"fi"},{"@type":"Organization","@id":"https:\/\/www.digitaikurit.fi\/#organization","name":"Digitaikurit","url":"https:\/\/www.digitaikurit.fi\/","logo":{"@type":"ImageObject","inLanguage":"fi","@id":"https:\/\/www.digitaikurit.fi\/#\/schema\/logo\/image\/","url":"https:\/\/www.digitaikurit.fi\/wp-content\/uploads\/2022\/06\/cropped-cropped-logo_digitaikuri-copy-e1655329153985.png","contentUrl":"https:\/\/www.digitaikurit.fi\/wp-content\/uploads\/2022\/06\/cropped-cropped-logo_digitaikuri-copy-e1655329153985.png","width":53,"height":53,"caption":"Digitaikurit"},"image":{"@id":"https:\/\/www.digitaikurit.fi\/#\/schema\/logo\/image\/"}}]}},"_links":{"self":[{"href":"https:\/\/www.digitaikurit.fi\/index.php\/wp-json\/wp\/v2\/pages\/652","targetHints":{"allow":["GET"]}}],"collection":[{"href":"https:\/\/www.digitaikurit.fi\/index.php\/wp-json\/wp\/v2\/pages"}],"about":[{"href":"https:\/\/www.digitaikurit.fi\/index.php\/wp-json\/wp\/v2\/types\/page"}],"author":[{"embeddable":true,"href":"https:\/\/www.digitaikurit.fi\/index.php\/wp-json\/wp\/v2\/users\/1"}],"replies":[{"embeddable":true,"href":"https:\/\/www.digitaikurit.fi\/index.php\/wp-json\/wp\/v2\/comments?post=652"}],"version-history":[{"count":3,"href":"https:\/\/www.digitaikurit.fi\/index.php\/wp-json\/wp\/v2\/pages\/652\/revisions"}],"predecessor-version":[{"id":657,"href":"https:\/\/www.digitaikurit.fi\/index.php\/wp-json\/wp\/v2\/pages\/652\/revisions\/657"}],"wp:attachment":[{"href":"https:\/\/www.digitaikurit.fi\/index.php\/wp-json\/wp\/v2\/media?parent=652"}],"curies":[{"name":"wp","href":"https:\/\/api.w.org\/{rel}","templated":true}]}}